{"id":2954,"date":"2024-11-11T17:37:30","date_gmt":"2024-11-11T22:37:30","guid":{"rendered":"https:\/\/velvetdsgn.com\/diarios-de-diseno\/"},"modified":"2025-09-19T12:29:03","modified_gmt":"2025-09-19T17:29:03","slug":"diarios-de-diseno","status":"publish","type":"page","link":"https:\/\/velvetdsgn.com\/es\/diarios-de-diseno\/","title":{"rendered":"Diarios de Dise\u00f1o"},"content":{"rendered":"<p>[et_pb_section fb_built=&#8221;1&#8243; admin_label=&#8221;nueva&#8221; _builder_version=&#8221;4.22.0&#8243; _module_preset=&#8221;default&#8221; background_color=&#8221;rgba(10,10,10,0.46)&#8221; background_image=&#8221;https:\/\/velvetdsgn.com\/wp-content\/uploads\/2024\/08\/S.-Asian-Indian-21.jpg&#8221; background_blend=&#8221;overlay&#8221; height=&#8221;422px&#8221; global_colors_info=&#8221;{}&#8221;][et_pb_row _builder_version=&#8221;4.22.0&#8243; _module_preset=&#8221;default&#8221; custom_padding=&#8221;6px|||||&#8221; global_colors_info=&#8221;{}&#8221;][et_pb_column type=&#8221;4_4&#8243; _builder_version=&#8221;4.17.3&#8243; _module_preset=&#8221;default&#8221; global_colors_info=&#8221;{}&#8221;][et_pb_text _builder_version=&#8221;4.22.0&#8243; _module_preset=&#8221;e6504a1b-67eb-4b3d-b023-bcab277610b6&#8243; text_text_color=&#8221;#dcc498&#8243; header_font=&#8221;Roboto|900|||||||&#8221; header_text_color=&#8221;#FFFFFF&#8221; header_font_size=&#8221;16px&#8221; header_4_font=&#8221;Roboto|900||on|||||&#8221; header_4_text_color=&#8221;#FFFFFF&#8221; header_4_font_size=&#8221;14px&#8221; header_4_letter_spacing=&#8221;0.2em&#8221; header_4_line_height=&#8221;1.7em&#8221; custom_margin=&#8221;29px||0px||false|false&#8221; header_4_font_size_tablet=&#8221;&#8221; header_4_font_size_phone=&#8221;&#8221; header_4_font_size_last_edited=&#8221;on|desktop&#8221; global_colors_info=&#8221;{}&#8221;]<\/p>\n<h1>BODAS DE DESTINO<\/h1>\n<p>[\/et_pb_text][et_pb_text _builder_version=&#8221;4.22.0&#8243; _module_preset=&#8221;c16985e1-e0d6-4022-964d-e2bfc04fa633&#8243; header_font=&#8221;Playfair Display||on||||||&#8221; header_text_color=&#8221;#FFFFFF&#8221; header_font_size=&#8221;65px&#8221; header_4_font=&#8221;Playfair Display||on||||||&#8221; header_4_text_color=&#8221;#FFFFFF&#8221; header_4_font_size=&#8221;65px&#8221; header_font_tablet=&#8221;Italiana||||||||&#8221; header_font_phone=&#8221;Playfair Display||||||||&#8221; header_font_last_edited=&#8221;on|phone&#8221; header_font_size_tablet=&#8221;40px&#8221; header_font_size_phone=&#8221;50px&#8221; header_font_size_last_edited=&#8221;on|phone&#8221; header_2_font_size_tablet=&#8221;&#8221; header_2_font_size_phone=&#8221;&#8221; header_2_font_size_last_edited=&#8221;on|phone&#8221; global_colors_info=&#8221;{}&#8221;]<\/p>\n<h4><span>Diarios de Dise\u00f1o<\/span><\/h4>\n<p>[\/et_pb_text][et_pb_button button_url=&#8221;@ET-DC@eyJkeW5hbWljIjp0cnVlLCJjb250ZW50IjoicG9zdF9saW5rX3VybF9wYWdlIiwic2V0dGluZ3MiOnsicG9zdF9pZCI6IjI0NDcifX0=@&#8221; button_text=&#8221;Empezar mi viaje&#8221; _builder_version=&#8221;4.22.0&#8243; _dynamic_attributes=&#8221;button_url&#8221; _module_preset=&#8221;31b4f027-aaa0-4f2f-ae02-959764e19e4f&#8221; custom_button=&#8221;on&#8221; button_text_size=&#8221;14px&#8221; button_text_color=&#8221;#ffffff&#8221; button_bg_color=&#8221;#241c0c&#8221; button_border_width=&#8221;0px&#8221; button_border_color=&#8221;RGBA(255,255,255,0)&#8221; button_border_radius=&#8221;74px&#8221; button_letter_spacing=&#8221;0.15em&#8221; button_font=&#8221;Roboto|||on|||||&#8221; custom_padding=&#8221;8px|22px|8px|22px|true|true&#8221; button_text_size_tablet=&#8221;14px&#8221; button_text_size_phone=&#8221;14px&#8221; button_text_size_last_edited=&#8221;on|desktop&#8221; button_font_tablet=&#8221;Playfair Display|700|||||||&#8221; button_font_phone=&#8221;Roboto|||on|||||&#8221; button_font_last_edited=&#8221;on|desktop&#8221; global_colors_info=&#8221;{}&#8221; button_border_color__hover=&#8221;#B5A68F&#8221; button_border_color__hover_enabled=&#8221;on|hover&#8221;][\/et_pb_button][\/et_pb_column][\/et_pb_row][\/et_pb_section][et_pb_section fb_built=&#8221;1&#8243; admin_label=&#8221;Service&#8221; _builder_version=&#8221;4.22.0&#8243; _module_preset=&#8221;default&#8221; background_color=&#8221;#F5F3EF&#8221; background_image=&#8221;https:\/\/velvetdsgn.com\/wp-content\/uploads\/2023\/08\/Fondo15.png&#8221; background_size=&#8221;initial&#8221; background_position=&#8221;top_left&#8221; collapsed=&#8221;on&#8221; global_colors_info=&#8221;{}&#8221;][et_pb_row _builder_version=&#8221;4.22.0&#8243; _module_preset=&#8221;default&#8221; global_colors_info=&#8221;{}&#8221;][et_pb_column type=&#8221;4_4&#8243; _builder_version=&#8221;4.17.3&#8243; _module_preset=&#8221;default&#8221; global_colors_info=&#8221;{}&#8221;][et_pb_text _builder_version=&#8221;4.22.0&#8243; _module_preset=&#8221;e6504a1b-67eb-4b3d-b023-bcab277610b6&#8243; header_4_font=&#8221;Roboto|900||on|||||&#8221; header_4_text_align=&#8221;center&#8221; header_4_text_color=&#8221;#d09c4c&#8221; header_4_font_size=&#8221;12px&#8221; header_4_letter_spacing=&#8221;0.2em&#8221; header_4_line_height=&#8221;1.7em&#8221; custom_margin=&#8221;||0px||false|false&#8221; header_4_text_align_tablet=&#8221;center&#8221; header_4_text_align_phone=&#8221;center&#8221; header_4_text_align_last_edited=&#8221;on|desktop&#8221; header_4_font_size_tablet=&#8221;&#8221; header_4_font_size_phone=&#8221;12px&#8221; header_4_font_size_last_edited=&#8221;on|phone&#8221; global_colors_info=&#8221;{}&#8221;]<\/p>\n<h4>BODAS DE DESTINO &#8211; DIARIOS DE DISE\u00d1O<\/h4>\n<p>[\/et_pb_text][et_pb_text _builder_version=&#8221;4.22.0&#8243; _module_preset=&#8221;b327cbe4-b1d5-4b66-ad37-40c8f2f061ba&#8221; text_font=&#8221;Alice||||||||&#8221; header_font=&#8221;Playfair Display||||||||&#8221; header_2_font=&#8221;Playfair Display||||||||&#8221; header_2_text_align=&#8221;center&#8221; header_2_text_color=&#8221;#212121&#8243; header_2_font_size=&#8221;50px&#8221; header_2_line_height=&#8221;1.2em&#8221; header_font_size_tablet=&#8221;&#8221; header_font_size_phone=&#8221;&#8221; header_font_size_last_edited=&#8221;on|phone&#8221; header_2_text_align_tablet=&#8221;center&#8221; header_2_text_align_phone=&#8221;center&#8221; header_2_text_align_last_edited=&#8221;on|desktop&#8221; header_2_font_size_tablet=&#8221;28px&#8221; header_2_font_size_phone=&#8221;39px&#8221; header_2_font_size_last_edited=&#8221;on|phone&#8221; global_colors_info=&#8221;{}&#8221;]<\/p>\n<h2>Bienvenidos a nuestro Blog<\/h2>\n<p>[\/et_pb_text][et_pb_text content_tablet=&#8221;<\/p>\n<p style=%22text-align: center;%22>Con m\u00e1s de 15 a\u00f1os de experiencia, en Velvet Event Design sabemos c\u00f3mo captar la esencia del amor y la celebraci\u00f3n, creando un ambiente encantador e inolvidable s\u00f3lo para ti.<\/p>\n<p style=%22text-align: center;%22>Una imagen dice m\u00e1s que mil palabras. Le compartimos algunos hermosos testimonios<\/p>\n<p style=%22text-align: center;%22><strong>HAGA CLIC EN CADA FOTO PARA VER LAS GALER\u00cdAS COMPLETAS:<\/strong><\/p>\n<p>&#8221; content_phone=&#8221;<\/p>\n<p style=%22text-align: center;%22>%22Diarios de dise\u00f1o%22 es el diario creativo de Velvet Design, donde compartimos inspiraciones, tendencias y perspectivas del mundo de la decoraci\u00f3n y el dise\u00f1o de eventos. Sum\u00e9rgete en nuestras historias, encuentra nuevas ideas y explora el arte que da vida a eventos inolvidables. <\/p>\n<p style=%22text-align: center;%22>Una imagen dice m\u00e1s que mil palabras. Le compartimos algunos hermosos testimonios<\/p>\n<p style=%22text-align: center;%22>&#8221; content_last_edited=&#8221;on|desktop&#8221; _builder_version=&#8221;4.22.0&#8243; _module_preset=&#8221;4c43b4b6-66bf-432d-959a-705bda24a650&#8243; text_font=&#8221;Playfair Display|300|||||||&#8221; text_text_color=&#8221;#241c0c&#8221; text_font_size=&#8221;18px&#8221; header_text_align=&#8221;left&#8221; text_orientation=&#8221;center&#8221; hover_enabled=&#8221;0&#8243; text_font_size_tablet=&#8221;19px&#8221; text_font_size_phone=&#8221;15px&#8221; text_font_size_last_edited=&#8221;on|phone&#8221; text_orientation_tablet=&#8221;center&#8221; text_orientation_phone=&#8221;center&#8221; text_orientation_last_edited=&#8221;on|phone&#8221; locked=&#8221;off&#8221; global_colors_info=&#8221;{}&#8221; sticky_enabled=&#8221;0&#8243;]<\/p>\n<p>Design Diaries es el blog creativo de Velvet Design, donde compartimos inspiraci\u00f3n, tendencias y reflexiones sobre el mundo de la decoraci\u00f3n y el dise\u00f1o de eventos. Sum\u00e9rgete en nuestras historias, descubre nuevas ideas y explora el arte que da vida a eventos inolvidables. <\/p>\n<p>[\/et_pb_text][\/et_pb_column][\/et_pb_row][et_pb_row _builder_version=&#8221;4.22.0&#8243; _module_preset=&#8221;default&#8221; global_colors_info=&#8221;{}&#8221;][et_pb_column type=&#8221;4_4&#8243; _builder_version=&#8221;4.22.0&#8243; _module_preset=&#8221;default&#8221; global_colors_info=&#8221;{}&#8221;][et_pb_blog fullwidth=&#8221;off&#8221; show_more=&#8221;on&#8221; show_author=&#8221;off&#8221; show_date=&#8221;off&#8221; _builder_version=&#8221;4.22.0&#8243; _module_preset=&#8221;default&#8221; header_font=&#8221;Playfair Display||||||||&#8221; header_font_size=&#8221;24px&#8221; meta_font=&#8221;|300|on||||||&#8221; global_colors_info=&#8221;{}&#8221;][\/et_pb_blog][\/et_pb_column][\/et_pb_row][\/et_pb_section][et_pb_section fb_built=&#8221;1&#8243; admin_label=&#8221;Call to Action&#8221; _builder_version=&#8221;4.22.0&#8243; _module_preset=&#8221;default&#8221; background_color=&#8221;rgba(0,0,0,0.34)&#8221; background_image=&#8221;https:\/\/velvetdsgn.com\/wp-content\/uploads\/2024\/08\/wedding-events-design.jpg&#8221; background_position=&#8221;center_left&#8221; background_blend=&#8221;overlay&#8221; min_height=&#8221;700px&#8221; locked=&#8221;off&#8221; collapsed=&#8221;on&#8221; global_colors_info=&#8221;{}&#8221;][et_pb_row _builder_version=&#8221;4.22.0&#8243; _module_preset=&#8221;default&#8221; custom_padding=&#8221;188px|||||&#8221; global_colors_info=&#8221;{}&#8221;][et_pb_column type=&#8221;4_4&#8243; _builder_version=&#8221;4.17.3&#8243; _module_preset=&#8221;default&#8221; global_colors_info=&#8221;{}&#8221;][et_pb_text _builder_version=&#8221;4.22.0&#8243; _module_preset=&#8221;e6504a1b-67eb-4b3d-b023-bcab277610b6&#8243; header_4_font=&#8221;Roboto|900||on|||||&#8221; header_4_text_color=&#8221;#FFFFFF&#8221; header_4_font_size=&#8221;12px&#8221; header_4_letter_spacing=&#8221;0.2em&#8221; header_4_line_height=&#8221;1.7em&#8221; custom_margin=&#8221;||0px||false|false&#8221; header_4_font_size_tablet=&#8221;&#8221; header_4_font_size_phone=&#8221;12px&#8221; header_4_font_size_last_edited=&#8221;on|phone&#8221; global_colors_info=&#8221;{}&#8221;]<\/p>\n<h4>VELVET EVENT DESIGN<\/h4>\n<p>[\/et_pb_text][et_pb_text _builder_version=&#8221;4.22.0&#8243; _module_preset=&#8221;b327cbe4-b1d5-4b66-ad37-40c8f2f061ba&#8221; text_font=&#8221;Alice||||||||&#8221; header_font=&#8221;Playfair Display||||||||&#8221; header_2_font=&#8221;Playfair Display||||||||&#8221; header_2_text_align=&#8221;left&#8221; header_2_text_color=&#8221;#FFFFFF&#8221; header_2_font_size=&#8221;50px&#8221; header_2_line_height=&#8221;1.2em&#8221; header_font_size_tablet=&#8221;&#8221; header_font_size_phone=&#8221;&#8221; header_font_size_last_edited=&#8221;on|phone&#8221; header_2_font_size_tablet=&#8221;28px&#8221; header_2_font_size_phone=&#8221;39px&#8221; header_2_font_size_last_edited=&#8221;on|phone&#8221; global_colors_info=&#8221;{}&#8221;]<\/p>\n<h2>Ve todo lo que podemos hacer por tu evento<\/h2>\n<p>[\/et_pb_text][et_pb_button button_url=&#8221;@ET-DC@eyJkeW5hbWljIjp0cnVlLCJjb250ZW50IjoicG9zdF9saW5rX3VybF9wYWdlIiwic2V0dGluZ3MiOnsicG9zdF9pZCI6IjE0NjkifX0=@&#8221; button_text=&#8221;Servicios&#8221; _builder_version=&#8221;4.22.0&#8243; _dynamic_attributes=&#8221;button_url&#8221; _module_preset=&#8221;31b4f027-aaa0-4f2f-ae02-959764e19e4f&#8221; custom_button=&#8221;on&#8221; button_text_size=&#8221;14px&#8221; button_text_color=&#8221;#ffffff&#8221; button_bg_color=&#8221;#241c0c&#8221; button_border_width=&#8221;0px&#8221; button_border_color=&#8221;RGBA(255,255,255,0)&#8221; button_border_radius=&#8221;74px&#8221; button_letter_spacing=&#8221;0.15em&#8221; button_font=&#8221;Roboto|||on|||||&#8221; custom_padding=&#8221;8px|22px|8px|22px|true|true&#8221; button_text_size_tablet=&#8221;14px&#8221; button_text_size_phone=&#8221;14px&#8221; button_text_size_last_edited=&#8221;on|desktop&#8221; button_font_tablet=&#8221;Playfair Display|700|||||||&#8221; button_font_phone=&#8221;Playfair Display|700|||||||&#8221; button_font_last_edited=&#8221;on|desktop&#8221; global_colors_info=&#8221;{}&#8221; button_border_color__hover=&#8221;#B5A68F&#8221; button_border_color__hover_enabled=&#8221;on|hover&#8221;][\/et_pb_button][\/et_pb_column][\/et_pb_row][\/et_pb_section][et_pb_section fb_built=&#8221;1&#8243; admin_label=&#8221;Footer&#8221; _builder_version=&#8221;4.22.0&#8243; _module_preset=&#8221;default&#8221; background_color=&#8221;#f5f3ef&#8221; custom_padding=&#8221;33px|||||&#8221; global_module=&#8221;2233&#8243; saved_tabs=&#8221;all&#8221; collapsed=&#8221;off&#8221; global_colors_info=&#8221;{}&#8221;][et_pb_row column_structure=&#8221;1_4,1_4,1_4,1_4&#8243; _builder_version=&#8221;4.17.3&#8243; _module_preset=&#8221;default&#8221; custom_padding=&#8221;||7px|||&#8221; global_colors_info=&#8221;{}&#8221;][et_pb_column type=&#8221;1_4&#8243; _builder_version=&#8221;4.17.3&#8243; _module_preset=&#8221;default&#8221; global_colors_info=&#8221;{}&#8221;][et_pb_image src=&#8221;https:\/\/velvetdsgn.com\/wp-content\/uploads\/2023\/09\/Logo-Velvet-Pie-de-pagina.png&#8221; title_text=&#8221;Logo-Velvet&#8221; align=&#8221;center&#8221; _builder_version=&#8221;4.22.0&#8243; _module_preset=&#8221;default&#8221; width=&#8221;80%&#8221; width_tablet=&#8221;&#8221; width_phone=&#8221;54%&#8221; width_last_edited=&#8221;on|phone&#8221; max_width_tablet=&#8221;&#8221; max_width_phone=&#8221;&#8221; max_width_last_edited=&#8221;on|phone&#8221; global_colors_info=&#8221;{}&#8221;][\/et_pb_image][\/et_pb_column][et_pb_column type=&#8221;1_4&#8243; _builder_version=&#8221;4.17.3&#8243; _module_preset=&#8221;default&#8221; global_colors_info=&#8221;{}&#8221;][et_pb_blurb title=&#8221;Tel\u00e9fono&#8221; use_icon=&#8221;on&#8221; font_icon=&#8221;&#xf3cd;||fa||900&#8243; icon_color=&#8221;#241c0c&#8221; icon_placement=&#8221;left&#8221; image_icon_width=&#8221;27px&#8221; content_max_width=&#8221;100%&#8221; _builder_version=&#8221;4.22.0&#8243; _module_preset=&#8221;341773a8-7d77-4626-b15c-f95399f25521&#8243; header_font=&#8221;Roboto|700|||||||&#8221; header_text_color=&#8221;#241c0c&#8221; header_font_size=&#8221;14px&#8221; header_line_height=&#8221;1.6em&#8221; body_font=&#8221;Roboto||||||||&#8221; body_text_color=&#8221;#241c0c&#8221; body_link_text_color=&#8221;#000000&#8243; image_icon_custom_margin=&#8221;8px||||false|false&#8221; custom_margin=&#8221;39px||||false|false&#8221; animation=&#8221;off&#8221; link_option_url=&#8221;tel:+529988445757&#8243; global_colors_info=&#8221;{}&#8221;]<\/p>\n<p><a href=\"tel:+529988445757\"><b>+52 (998) 844 5757<\/b><\/a><\/p>\n<p>[\/et_pb_blurb][et_pb_blurb title=&#8221;Email&#8221; use_icon=&#8221;on&#8221; font_icon=&#8221;&#xe010;||divi||400&#8243; icon_color=&#8221;#241c0c&#8221; icon_placement=&#8221;left&#8221; image_icon_width=&#8221;27px&#8221; content_max_width=&#8221;100%&#8221; _builder_version=&#8221;4.22.0&#8243; _module_preset=&#8221;341773a8-7d77-4626-b15c-f95399f25521&#8243; header_font=&#8221;Roboto|700|||||||&#8221; header_text_color=&#8221;#241c0c&#8221; header_font_size=&#8221;14px&#8221; header_line_height=&#8221;1.6em&#8221; body_font=&#8221;Roboto||||||||&#8221; body_text_color=&#8221;#241c0c&#8221; body_link_text_color=&#8221;#000000&#8243; image_icon_custom_margin=&#8221;8px||||false|false&#8221; custom_margin=&#8221;39px||||false|false&#8221; animation=&#8221;off&#8221; link_option_url=&#8221;mailto:info@velvetdsgn.com&#8221; locked=&#8221;off&#8221; global_colors_info=&#8221;{}&#8221;]<\/p>\n<p><a href=\"mailto:info@velvetdsgn.com\">info@velvetdsgn.com<\/a><\/p>\n<p>[\/et_pb_blurb][et_pb_blurb title=&#8221;Direcci\u00f3n&#8221; url=&#8221;https:\/\/maps.app.goo.gl\/sA9zXsqqfvi46WGX6&#8243; use_icon=&#8221;on&#8221; font_icon=&#8221;&#xe081;||divi||400&#8243; icon_color=&#8221;#241c0c&#8221; icon_placement=&#8221;left&#8221; image_icon_width=&#8221;27px&#8221; content_max_width=&#8221;100%&#8221; _builder_version=&#8221;4.22.0&#8243; _module_preset=&#8221;341773a8-7d77-4626-b15c-f95399f25521&#8243; header_font=&#8221;Roboto|700|||||||&#8221; header_text_color=&#8221;#241c0c&#8221; header_font_size=&#8221;14px&#8221; header_line_height=&#8221;1.6em&#8221; body_font=&#8221;Roboto||||||||&#8221; body_text_color=&#8221;#241c0c&#8221; body_link_text_color=&#8221;#000000&#8243; image_icon_custom_margin=&#8221;8px||||false|false&#8221; custom_margin=&#8221;39px||||false|false&#8221; animation=&#8221;off&#8221; locked=&#8221;off&#8221; global_colors_info=&#8221;{}&#8221;]<\/p>\n<p>Canc\u00fan, M\u00e9xico<\/p>\n<p>[\/et_pb_blurb][\/et_pb_column][et_pb_column type=&#8221;1_4&#8243; _builder_version=&#8221;4.17.3&#8243; _module_preset=&#8221;default&#8221; global_colors_info=&#8221;{}&#8221;][et_pb_blurb title=&#8221;Instagram&#8221; url=&#8221;https:\/\/www.instagram.com\/velveteventsdesign\/&#8221; url_new_window=&#8221;on&#8221; use_icon=&#8221;on&#8221; font_icon=&#8221;&#xf16d;||fa||400&#8243; icon_color=&#8221;#241c0c&#8221; icon_placement=&#8221;left&#8221; image_icon_width=&#8221;27px&#8221; content_max_width=&#8221;100%&#8221; _builder_version=&#8221;4.22.0&#8243; _module_preset=&#8221;341773a8-7d77-4626-b15c-f95399f25521&#8243; header_font=&#8221;Roboto|700|||||||&#8221; header_text_color=&#8221;#241c0c&#8221; header_font_size=&#8221;14px&#8221; header_line_height=&#8221;1.6em&#8221; body_font=&#8221;Roboto||||||||&#8221; body_text_color=&#8221;#241c0c&#8221; body_link_text_color=&#8221;#000000&#8243; image_icon_custom_margin=&#8221;8px||||false|false&#8221; custom_margin=&#8221;39px||||false|false&#8221; animation=&#8221;off&#8221; link_option_url=&#8221;https:\/\/www.instagram.com\/velveteventsdesign\/&#8221; link_option_url_new_window=&#8221;on&#8221; global_colors_info=&#8221;{}&#8221;]<\/p>\n<p>@<span>velveteventsdesign<\/span><\/p>\n<p>[\/et_pb_blurb][et_pb_blurb title=&#8221;Facebook&#8221; url=&#8221;https:\/\/www.facebook.com\/velveteventdesign&#8221; url_new_window=&#8221;on&#8221; use_icon=&#8221;on&#8221; font_icon=&#8221;&#xe093;||divi||400&#8243; icon_color=&#8221;#241c0c&#8221; icon_placement=&#8221;left&#8221; image_icon_width=&#8221;27px&#8221; content_max_width=&#8221;100%&#8221; _builder_version=&#8221;4.22.0&#8243; _module_preset=&#8221;341773a8-7d77-4626-b15c-f95399f25521&#8243; header_font=&#8221;Roboto|700|||||||&#8221; header_text_color=&#8221;#241c0c&#8221; header_font_size=&#8221;14px&#8221; header_line_height=&#8221;1.6em&#8221; body_font=&#8221;Roboto||||||||&#8221; body_text_color=&#8221;#241c0c&#8221; body_link_text_color=&#8221;#000000&#8243; image_icon_custom_margin=&#8221;8px||||false|false&#8221; custom_margin=&#8221;39px||||false|false&#8221; animation=&#8221;off&#8221; link_option_url=&#8221;https:\/\/www.facebook.com\/velveteventdesign&#8221; link_option_url_new_window=&#8221;on&#8221; global_colors_info=&#8221;{}&#8221;]<\/p>\n<p>@velveteventsdesign<\/p>\n<p>[\/et_pb_blurb][et_pb_blurb title=&#8221;Pinterest&#8221; url=&#8221;https:\/\/www.pinterest.com.mx\/velveteventdesign\/&#8221; url_new_window=&#8221;on&#8221; use_icon=&#8221;on&#8221; font_icon=&#8221;&#xe095;||divi||400&#8243; icon_color=&#8221;#000000&#8243; icon_placement=&#8221;left&#8221; image_icon_width=&#8221;25px&#8221; content_max_width=&#8221;100%&#8221; _builder_version=&#8221;4.22.0&#8243; _module_preset=&#8221;341773a8-7d77-4626-b15c-f95399f25521&#8243; header_font=&#8221;Roboto|700|||||||&#8221; header_text_color=&#8221;#000000&#8243; header_font_size=&#8221;14px&#8221; header_line_height=&#8221;1.6em&#8221; body_font=&#8221;Roboto||||||||&#8221; body_text_color=&#8221;#000000&#8243; body_link_text_color=&#8221;#B5A68F&#8221; image_icon_custom_margin=&#8221;8px||||false|false&#8221; custom_margin=&#8221;39px||||false|false&#8221; animation=&#8221;off&#8221; link_option_url=&#8221;https:\/\/www.pinterest.com.mx\/velveteventdesign\/&#8221; link_option_url_new_window=&#8221;on&#8221; global_colors_info=&#8221;{}&#8221;]<\/p>\n<p>@velveteventsdesign<\/p>\n<p>[\/et_pb_blurb][\/et_pb_column][et_pb_column type=&#8221;1_4&#8243; _builder_version=&#8221;4.17.3&#8243; _module_preset=&#8221;default&#8221; global_colors_info=&#8221;{}&#8221;][et_pb_image src=&#8221;https:\/\/velvetdsgn.com\/wp-content\/uploads\/2024\/08\/QUEER_LOGO_CERTIFICACION-03.png&#8221; title_text=&#8221;QUEER_LOGO_CERTIFICACION-03&#8243; align=&#8221;center&#8221; _builder_version=&#8221;4.22.0&#8243; _module_preset=&#8221;default&#8221; width=&#8221;80%&#8221; global_colors_info=&#8221;{}&#8221;][\/et_pb_image][et_pb_image src=&#8221;https:\/\/velvetdsgn.com\/wp-content\/uploads\/2024\/08\/junebug-weddings-member-badge-2024-black-1.png&#8221; title_text=&#8221;junebug-weddings-member-badge-2024-negro (1)&#8221; align=&#8221;center&#8221; _builder_version=&#8221;4.22.0&#8243; _module_preset=&#8221;default&#8221; width=&#8221;66%&#8221; global_colors_info=&#8221;{}&#8221;][\/et_pb_image][\/et_pb_column][\/et_pb_row][et_pb_row _builder_version=&#8221;4.22.0&#8243; _module_preset=&#8221;default&#8221; global_colors_info=&#8221;{}&#8221;][et_pb_column type=&#8221;4_4&#8243; _builder_version=&#8221;4.22.0&#8243; _module_preset=&#8221;default&#8221; global_colors_info=&#8221;{}&#8221;][et_pb_divider color=&#8221;#000000&#8243; _builder_version=&#8221;4.22.0&#8243; _module_preset=&#8221;default&#8221; custom_margin=&#8221;0px||-16px||false|false&#8221; custom_padding=&#8221;0px||0px||false|false&#8221; global_colors_info=&#8221;{}&#8221;][\/et_pb_divider][\/et_pb_column][\/et_pb_row][\/et_pb_section]<\/p>\n","protected":false},"excerpt":{"rendered":"<p>BODAS DE DESTINODiarios de Dise\u00f1oBODAS DE DESTINO &#8211; DIARIOS DE DISE\u00d1OBienvenidos a nuestro BlogDesign Diaries es el blog creativo de Velvet Design, donde compartimos inspiraci\u00f3n, tendencias y reflexiones sobre el mundo de la decoraci\u00f3n y el dise\u00f1o de eventos. Sum\u00e9rgete en nuestras historias, descubre nuevas ideas y explora el arte que da vida a eventos [&hellip;]<\/p>\n","protected":false},"author":1,"featured_media":0,"parent":0,"menu_order":0,"comment_status":"closed","ping_status":"closed","template":"","meta":{"_et_pb_use_builder":"on","_et_pb_old_content":"","_et_gb_content_width":"","_monsterinsights_skip_tracking":false,"_monsterinsights_sitenote_active":false,"_monsterinsights_sitenote_note":"","_monsterinsights_sitenote_category":0,"footnotes":""},"class_list":["post-2954","page","type-page","status-publish","hentry"],"_links":{"self":[{"href":"https:\/\/velvetdsgn.com\/es\/wp-json\/wp\/v2\/pages\/2954","targetHints":{"allow":["GET"]}}],"collection":[{"href":"https:\/\/velvetdsgn.com\/es\/wp-json\/wp\/v2\/pages"}],"about":[{"href":"https:\/\/velvetdsgn.com\/es\/wp-json\/wp\/v2\/types\/page"}],"author":[{"embeddable":true,"href":"https:\/\/velvetdsgn.com\/es\/wp-json\/wp\/v2\/users\/1"}],"replies":[{"embeddable":true,"href":"https:\/\/velvetdsgn.com\/es\/wp-json\/wp\/v2\/comments?post=2954"}],"version-history":[{"count":5,"href":"https:\/\/velvetdsgn.com\/es\/wp-json\/wp\/v2\/pages\/2954\/revisions"}],"predecessor-version":[{"id":3718,"href":"https:\/\/velvetdsgn.com\/es\/wp-json\/wp\/v2\/pages\/2954\/revisions\/3718"}],"wp:attachment":[{"href":"https:\/\/velvetdsgn.com\/es\/wp-json\/wp\/v2\/media?parent=2954"}],"curies":[{"name":"wp","href":"https:\/\/api.w.org\/{rel}","templated":true}]}}