{"id":1150,"date":"2021-09-30T18:04:07","date_gmt":"2021-09-30T23:04:07","guid":{"rendered":"https:\/\/velvetdsgn.com\/politica-de-privacidad\/"},"modified":"2024-01-30T10:22:27","modified_gmt":"2024-01-30T15:22:27","slug":"aviso-de-privacidad","status":"publish","type":"page","link":"https:\/\/velvetdsgn.com\/es\/aviso-de-privacidad\/","title":{"rendered":"Aviso de Privacidad"},"content":{"rendered":"<p>[et_pb_section fb_built=&#8221;1&#8243; admin_label=&#8221;section&#8221; _builder_version=&#8221;4.16&#8243; global_colors_info=&#8221;{}&#8221;][et_pb_row admin_label=&#8221;fila&#8221; _builder_version=&#8221;4.16&#8243; background_size=&#8221;initial&#8221; background_position=&#8221;top_left&#8221; background_repeat=&#8221;repeat&#8221; global_colors_info=&#8221;{}&#8221;][et_pb_column type=&#8221;4_4&#8243; _builder_version=&#8221;4.16&#8243; custom_padding=&#8221;|||&#8221; global_colors_info=&#8221;{}&#8221; custom_padding__hover=&#8221;|||&#8221;][et_pb_text admin_label=&#8221;Text&#8221; _builder_version=&#8221;4.22.0&#8243; background_size=&#8221;initial&#8221; background_position=&#8221;top_left&#8221; background_repeat=&#8221;repeat&#8221; global_colors_info=&#8221;{}&#8221;]<\/p>\n<p>&nbsp;<\/p>\n<h2 style=\"text-align: justify;\">AVISO DE PRIVACIDAD<\/h2>\n<p style=\"text-align: justify;\">VELVET EVENT DESIGN es el responsable de este Aviso de Privacidad que pertenece al sitio <strong>www.velvetdsgn.com<\/strong> y de la protecci\u00f3n de los Datos Personales recabados. De acuerdo a lo previsto en la Ley Federal de Protecci\u00f3n de Datos Personales en Posesi\u00f3n de los Particulares (LFPDPPP), su Reglamento y sus Lineamientos, VELVET EVENT DESIGN declara ser una empresa legalmente constituida de conformidad con las leyes mexicanas, con domicilio ubicado en Av. Luis Donaldo Colosio, Bodega 11, Supermanzana 309, Mza. 13, Lote 1A, 77500 Canc\u00fan, Q. Roo.<\/p>\n<p style=\"text-align: justify;\">Este Aviso de Privacidad contempla en todo momento los principios de licitud, consentimiento, informaci\u00f3n, calidad, finalidad, lealtad, proporcionalidad y responsabilidad en el tratamiento de los datos personales.<\/p>\n<h2 style=\"text-align: justify;\">\u00bfPara qu\u00e9 fines utilizaremos sus Datos Personales?<\/h2>\n<p style=\"text-align: justify;\">Los Datos Personales que recabamos de usted podr\u00e1n ser utilizados para las siguientes finalidades, que son necesarias para la prestaci\u00f3n de nuestros servicios y el desarrollo de nuestras actividades:<\/p>\n<p style=\"text-align: justify;\"><strong>FINALIDADES PRIMARIAS:<\/strong> <br \/>1. Para responder a las solicitudes de informaci\u00f3n.<br \/>2. Para la prestaci\u00f3n de los servicios que ofrece VELVET EVENT DESIGN.<br \/>3. Para su identificaci\u00f3n como nuestro cliente, y entablar comunicaci\u00f3n personal con usted a trav\u00e9s de correo electr\u00f3nico o v\u00eda telef\u00f3nica.<br \/>4. Para ejecutar con usted un contrato suscrito a distancia.<br \/>5. Para realizar la gesti\u00f3n administrativa, contable y fiscal de los servicios solicitados, como realizar el cobro y facturaci\u00f3n de nuestro servicio y la emisi\u00f3n de comprobantes fiscales. <br \/>6. Para integrar y mantener actualizada nuestra base de datos de clientes.<br \/>7. Para atender opiniones, quejas y\/o sugerencias. <br \/>8. Para cumplir disposiciones legales y obligaciones derivadas de la relaci\u00f3n jur\u00eddica que tenga VELVET EVENT DESIGN con los clientes.<\/p>\n<p style=\"text-align: justify;\">De manera adicional, utilizaremos su informaci\u00f3n personal para las siguientes finalidades que no son necesarias para el servicio solicitado, pero que nos permiten y facilitan brindarle una mejor atenci\u00f3n:<\/p>\n<p style=\"text-align: justify;\"><strong>FINALIDADES SECUNDARIAS:<\/strong> <br \/>1. Noticias sobre VELVET EVENT DESIGN. <br \/>2. Publicidad y promociones. <br \/>3. Env\u00edo de invitaciones a nuestros eventos y avisos publicitarios. <br \/>4. Llenado de encuestas de satisfacci\u00f3n de cliente. <br \/>5. Fines estad\u00edsticos y de an\u00e1lisis interno.<\/p>\n<p style=\"text-align: justify;\">En caso de no estar de acuerdo con el tratamiento de sus Datos Personales para las finalidades secundarias, podr\u00e1 hacernos saber su negativa a trav\u00e9s de un comunicado libre, mediante un correo electr\u00f3nico a la siguiente direcci\u00f3n: <strong>info@velvetdsgn.com<\/strong>, expresando su negativa al tratamiento de sus Datos Personales, en los t\u00e9rminos que se detallan m\u00e1s adelante para el ejercicio de los Derechos ARCO que le asisten como titular.<\/p>\n<p style=\"text-align: justify;\">La negativa para el uso de sus Datos Personales para estas finalidades secundarias, no podr\u00e1 ser un motivo para que le neguemos el servicio que solicita con nosotros. Si usted no manifiesta su negativa para tratar sus Datos Personales para las finalidades secundarias, entenderemos que nos ha otorgado su consentimiento.<\/p>\n<h2 style=\"text-align: justify;\">\u00bfQu\u00e9 Datos Personales utilizaremos para estos fines?<\/h2>\n<p style=\"text-align: justify;\">Para llevar a cabo las finalidades descritas en el presente Aviso de Privacidad, utilizaremos los siguientes Datos Personales: datos de identificaci\u00f3n como nombre completo, domicilio particular y\/o fiscal, Registro Federal de Contribuyentes (RFC), Clave \u00danica de Registro de Poblaci\u00f3n (CURP), referencia bancaria, correo electr\u00f3nico, n\u00famero telef\u00f3nico fijo y\/o m\u00f3vil.<\/p>\n<p style=\"text-align: justify;\">En VELVET EVENT DESIGN no manejamos ni solicitamos Datos Personales sensibles, entendi\u00e9ndose como tales aquellos Datos Personales que afecten a la esfera m\u00e1s \u00edntima de su titular, o cuya utilizaci\u00f3n indebida pueda dar origen a discriminaci\u00f3n o conlleve un riesgo grave para \u00e9ste. En particular, se consideran sensibles aquellos que puedan revelar aspectos como origen racial o \u00e9tnico, estado de salud presente y futuro, informaci\u00f3n gen\u00e9tica, creencias religiosas, filos\u00f3ficas y morales, afiliaci\u00f3n sindical, opiniones pol\u00edticas o preferencia sexual.<\/p>\n<h2 style=\"text-align: justify;\">\u00bfC\u00f3mo puede acceder, rectificar o cancelar sus Datos Personales, u oponerse a su uso?<\/h2>\n<p style=\"text-align: justify;\">Usted tiene derecho a conocer qu\u00e9 Datos Personales tenemos de usted, para qu\u00e9 los utilizamos y las condiciones del uso que les damos (Acceso). Asimismo, es su derecho solicitar la correcci\u00f3n de su informaci\u00f3n personal en caso de que est\u00e9 desactualizada, sea inexacta o incompleta (Rectificaci\u00f3n); que la eliminemos de nuestros registros o bases de datos cuando considere que la misma no est\u00e1 siendo utilizada adecuadamente (Cancelaci\u00f3n); as\u00ed como oponerse al uso de sus Datos Personales para fines espec\u00edficos (Oposici\u00f3n). Estos derechos se conocen como Derechos ARCO.<\/p>\n<p style=\"text-align: justify;\">Para el ejercicio de cualquiera de los Derechos ARCO, usted deber\u00e1 presentar la solicitud respectiva a trav\u00e9s del correo electr\u00f3nico <strong>info@velvetdsgn.com<\/strong>; dicha solicitud deber\u00e1 contener por lo menos: (a) nombre y domicilio u otro medio para comunicarle la respuesta a su solicitud; (b) los documentos que acrediten su identidad o, en su caso, la representaci\u00f3n legal; (c) la descripci\u00f3n clara y precisa de los Datos Personales respecto de los que se solicita ejercer alguno de los Derechos ARCO, y (d) cualquier otro elemento que facilite la localizaci\u00f3n o identificaci\u00f3n de los Datos Personales.<\/p>\n<h2 style=\"text-align: justify;\">\u00bfCu\u00e1ndo puede usted ejercer sus Derechos ARCO?<\/h2>\n<p style=\"text-align: justify;\">En t\u00e9rminos de la Ley, en cualquier momento el titular podr\u00e1 presentar una solicitud para ejercer sus Derechos ARCO. VELVET EVENT DESIGN deber\u00e1 contestar dicha solicitud dentro de los veinte d\u00edas siguientes a la fecha de recepci\u00f3n de la misma. Si transcurrido el t\u00e9rmino que se\u00f1ala la Ley, VELVET EVENT DESIGN no da respuesta a su solicitud, entonces usted podr\u00e1 iniciar el procedimiento de protecci\u00f3n de Derechos ARCO ante el Instituto Nacional de Acceso a la Informaci\u00f3n y Protecci\u00f3n de Datos (\u201cINAI\u201d).<\/p>\n<h2 style=\"text-align: justify;\">\u00bfC\u00f3mo puede revocar su consentimiento para el uso de sus Datos Personales?<\/h2>\n<p style=\"text-align: justify;\">Usted puede revocar el consentimiento que, en su caso, nos haya otorgado para el tratamiento de sus Datos Personales. Sin embargo, es importante que tenga en cuenta que no en todos los casos podremos atender su solicitud o concluir el uso de forma inmediata, ya que es posible que por alguna obligaci\u00f3n legal requiramos seguir tratando sus Datos Personales.<\/p>\n<p style=\"text-align: justify;\">Para revocar su consentimiento deber\u00e1 indicar de forma precisa el consentimiento que desea revocar al correo electr\u00f3nico <strong>info@velvetdsgn.com<\/strong>, mismo que deber\u00e1 contener y acompa\u00f1ar lo siguiente: el nombre del titular y domicilio u otro medio para comunicarle la respuesta a su solicitud. Los documentos que acrediten la identidad o, en su caso, la representaci\u00f3n legal del titular. La descripci\u00f3n clara y precisa de los Datos Personales respecto de los que se busca ejercer alguno de los derechos antes mencionados, y cualquier otro elemento o documento que facilite la localizaci\u00f3n de los Datos Personales. Para el caso de las solicitudes de rectificaci\u00f3n, el titular deber\u00e1 indicar las modificaciones a realizarse y aportar la documentaci\u00f3n que sustente su petici\u00f3n.<\/p>\n<p style=\"text-align: justify;\">VELVET EVENT DESIGN podr\u00e1 negar el acceso a los Datos Personales, o a realizar la rectificaci\u00f3n o cancelaci\u00f3n o conceder la oposici\u00f3n al tratamiento de los mismos, en los siguientes supuestos: Cuando el solicitante no sea el titular de los Datos Personales, o el representante legal no est\u00e9 debidamente acreditado para ello. Cuando en su base de datos no se encuentren los Datos Personales del solicitante. Cuando se lesionen los derechos de un tercero. Cuando exista un impedimento legal, o la resoluci\u00f3n de una autoridad competente, que restrinja el acceso a los Datos Personales, o no permita la rectificaci\u00f3n, cancelaci\u00f3n u oposici\u00f3n de los mismos. Cuando la rectificaci\u00f3n, cancelaci\u00f3n u oposici\u00f3n haya sido previamente realizada. La negativa anteriormente se\u00f1alada podr\u00e1 ser parcial, en cuyo caso VELVET EVENT DESIGN efectuar\u00e1 el acceso, rectificaci\u00f3n, cancelaci\u00f3n u oposici\u00f3n requerida por el titular.<\/p>\n<p style=\"text-align: justify;\">En todos los casos anteriores, VELVET EVENT DESIGN deber\u00e1 informar el motivo de su decisi\u00f3n y comunicarla al titular o en su caso al representante legal, en los plazos establecidos para tal efecto, por el mismo medio por el que se llev\u00f3 a cabo la solicitud acompa\u00f1ando, en su caso, las pruebas que resulten pertinentes.<\/p>\n<p style=\"text-align: justify;\">VELVET EVENT DESIGN no estar\u00e1 obligado a cancelar los Datos Personales cuando: Se refiera a las partes de un contrato privado, social o administrativo y sean necesarios para su desarrollo y cumplimiento. Deban ser tratados por disposici\u00f3n legal. Obstaculice actuaciones judiciales o administrativas vinculadas a obligaciones fiscales, la investigaci\u00f3n y persecuci\u00f3n de delitos o la actualizaci\u00f3n de sanciones administrativas. Sean necesarios para proteger los intereses jur\u00eddicamente tutelados del titular. Sean necesarios para realizar una acci\u00f3n en funci\u00f3n del inter\u00e9s p\u00fablico. Sean necesarios para cumplir con una obligaci\u00f3n legalmente adquirida por el titular.<\/p>\n<p style=\"text-align: justify;\">\n<h2 style=\"text-align: justify;\">Modificaciones del Aviso de Privacidad<\/h2>\n<p style=\"text-align: justify;\">El presente Aviso de Privacidad puede sufrir modificaciones, cambios o actualizaciones derivadas de nuevos requerimientos legales; de nuestras propias necesidades por el servicio que ofrecemos; de nuestras pr\u00e1cticas de privacidad; de cambios en nuestro modelo de negocio, o por otras causas.<\/p>\n<p style=\"text-align: justify;\">A fin de estar informado sobre los cambios que pueda sufrir el presente Aviso de Privacidad, estar\u00e1 a su disposici\u00f3n la \u00faltima versi\u00f3n en nuestro sitio web, indicando en la parte inferior la \u00faltima fecha de actualizaci\u00f3n.<\/p>\n<p style=\"text-align: justify;\"><strong>\u00daltima actualizaci\u00f3n: 30 de enero de 2024.<\/strong><\/p>\n<p>&nbsp;<\/p>\n<p>[\/et_pb_text][\/et_pb_column][\/et_pb_row][\/et_pb_section]<\/p>\n","protected":false},"excerpt":{"rendered":"<p>&nbsp; AVISO DE PRIVACIDAD VELVET EVENT DESIGN es el responsable de este Aviso de Privacidad que pertenece al sitio www.velvetdsgn.com y de la protecci\u00f3n de los Datos Personales recabados. De acuerdo a lo previsto en la Ley Federal de Protecci\u00f3n de Datos Personales en Posesi\u00f3n de los Particulares (LFPDPPP), su Reglamento y sus Lineamientos, VELVET [&hellip;]<\/p>\n","protected":false},"author":1,"featured_media":0,"parent":0,"menu_order":0,"comment_status":"closed","ping_status":"closed","template":"","meta":{"_et_pb_use_builder":"on","_et_pb_old_content":"","_et_gb_content_width":"","_monsterinsights_skip_tracking":false,"_monsterinsights_sitenote_active":false,"_monsterinsights_sitenote_note":"","_monsterinsights_sitenote_category":0,"footnotes":""},"class_list":["post-1150","page","type-page","status-publish","hentry"],"_links":{"self":[{"href":"https:\/\/velvetdsgn.com\/es\/wp-json\/wp\/v2\/pages\/1150","targetHints":{"allow":["GET"]}}],"collection":[{"href":"https:\/\/velvetdsgn.com\/es\/wp-json\/wp\/v2\/pages"}],"about":[{"href":"https:\/\/velvetdsgn.com\/es\/wp-json\/wp\/v2\/types\/page"}],"author":[{"embeddable":true,"href":"https:\/\/velvetdsgn.com\/es\/wp-json\/wp\/v2\/users\/1"}],"replies":[{"embeddable":true,"href":"https:\/\/velvetdsgn.com\/es\/wp-json\/wp\/v2\/comments?post=1150"}],"version-history":[{"count":9,"href":"https:\/\/velvetdsgn.com\/es\/wp-json\/wp\/v2\/pages\/1150\/revisions"}],"predecessor-version":[{"id":2205,"href":"https:\/\/velvetdsgn.com\/es\/wp-json\/wp\/v2\/pages\/1150\/revisions\/2205"}],"wp:attachment":[{"href":"https:\/\/velvetdsgn.com\/es\/wp-json\/wp\/v2\/media?parent=1150"}],"curies":[{"name":"wp","href":"https:\/\/api.w.org\/{rel}","templated":true}]}}